{"id":9,"date":"2024-04-09T18:20:49","date_gmt":"2024-04-09T16:20:49","guid":{"rendered":"https:\/\/www.stenchly-dach.de\/?page_id=9"},"modified":"2025-03-09T14:42:06","modified_gmt":"2025-03-09T13:42:06","slug":"willkommen","status":"publish","type":"page","link":"https:\/\/www.stenchly-dach.de\/","title":{"rendered":"Willkommen"},"content":{"rendered":"\n<figure class=\"wp-block-image size-full\"><img loading=\"lazy\" decoding=\"async\" width=\"640\" height=\"240\" src=\"https:\/\/www.stenchly-dach.de\/wp-content\/uploads\/spruch.jpg\" alt=\"\" class=\"wp-image-93\" srcset=\"https:\/\/www.stenchly-dach.de\/wp-content\/uploads\/spruch.jpg 640w, https:\/\/www.stenchly-dach.de\/wp-content\/uploads\/spruch-300x113.jpg 300w\" sizes=\"auto, (max-width: 640px) 100vw, 640px\" \/><\/figure>\n\n\n\n<p class=\"has-vivid-red-color has-text-color has-link-color has-medium-font-size wp-elements-0d4dce876a233bdc47491e63af6dd8c7\">Herzlich Willkommen auf den Internetseiten der Firma Stenchly-Dach aus Kitzscher.<br>Wir freuen uns sehr, dass Sie sich \u00fcber unsere Leistungen n\u00e4her informieren wollen.<br>Auf den folgenden Seiten wollen wir Ihnen einen Einblick vermitteln, welche M\u00f6glichkeiten wir Ihnen bieten, Ihr Dach ansprechend, modern und nachhaltig zu gestalten.<\/p>\n\n\n\n<p class=\"has-vivid-red-color has-text-color has-link-color has-medium-font-size wp-elements-d8c1c631f7d86a2dfdb335a8be7a97ea\">Unter &#8222;<a href=\"https:\/\/www.stenchly-dach.de\/?page_id=16\" data-type=\"page\" data-id=\"16\">Referenzen<\/a>&#8220; zeigen wir Ihnen gern Beispiele von bereits abgeschlossenen Projekten unseres Dachdecker-Fachbetriebes.  Nat\u00fcrlich stehen wir Ihnen auch f\u00fcr ein pers\u00f6nliches Beratungsgespr\u00e4ch in unseren R\u00e4umen gern zur Verf\u00fcgung. Oder haben Sie bereits Fragen? Dann senden Sie uns doch einfach eine E-Mail. Unter <a href=\"https:\/\/www.stenchly-dach.de\/?page_id=18\" data-type=\"page\" data-id=\"18\">Kontakt<\/a> finden Sie daf\u00fcr alle wichtigen Informationen.<\/p>\n\n\n\n<p class=\"has-vivid-red-color has-text-color has-link-color has-medium-font-size wp-elements-8a9c8228e85ce0bc7a793fa18b7a5295\">Jetzt w\u00fcnsche ich Ihnen viel Spa\u00df beim Durchst\u00f6bern unserer Seiten.<br><br>Ihr Dachdeckermeister<br>Mark Stenchly<\/p>\n","protected":false},"excerpt":{"rendered":"<p>Herzlich Willkommen auf den Internetseiten der Firma Stenchly-Dach aus Kitzscher.Wir freuen uns sehr, dass Sie sich \u00fcber unsere Leistungen n\u00e4her informieren wollen.Auf den folgenden Seiten wollen wir Ihnen einen Einblick vermitteln, welche M\u00f6glichkeiten wir Ihnen bieten, Ihr Dach ansprechend, modern und nachhaltig zu gestalten. Unter &#8222;Referenzen&#8220; zeigen wir Ihnen gern Beispiele von bereits abgeschlossenen Projekten &hellip; <\/p>\n<p class=\"link-more\"><a href=\"https:\/\/www.stenchly-dach.de\/\" class=\"more-link\"><span class=\"screen-reader-text\">\u201eWillkommen\u201c <\/span>weiterlesen<\/a><\/p>\n","protected":false},"author":1,"featured_media":0,"parent":0,"menu_order":0,"comment_status":"closed","ping_status":"closed","template":"","meta":{"footnotes":""},"class_list":["post-9","page","type-page","status-publish","hentry"],"_links":{"self":[{"href":"https:\/\/www.stenchly-dach.de\/index.php?rest_route=\/wp\/v2\/pages\/9","targetHints":{"allow":["GET"]}}],"collection":[{"href":"https:\/\/www.stenchly-dach.de\/index.php?rest_route=\/wp\/v2\/pages"}],"about":[{"href":"https:\/\/www.stenchly-dach.de\/index.php?rest_route=\/wp\/v2\/types\/page"}],"author":[{"embeddable":true,"href":"https:\/\/www.stenchly-dach.de\/index.php?rest_route=\/wp\/v2\/users\/1"}],"replies":[{"embeddable":true,"href":"https:\/\/www.stenchly-dach.de\/index.php?rest_route=%2Fwp%2Fv2%2Fcomments&post=9"}],"version-history":[{"count":0,"href":"https:\/\/www.stenchly-dach.de\/index.php?rest_route=\/wp\/v2\/pages\/9\/revisions"}],"wp:attachment":[{"href":"https:\/\/www.stenchly-dach.de\/index.php?rest_route=%2Fwp%2Fv2%2Fmedia&parent=9"}],"curies":[{"name":"wp","href":"https:\/\/api.w.org\/{rel}","templated":true}]}}