{"id":27,"date":"2024-04-09T18:56:14","date_gmt":"2024-04-09T16:56:14","guid":{"rendered":"https:\/\/www.stenchly-dach.de\/?page_id=27"},"modified":"2025-03-03T09:57:08","modified_gmt":"2025-03-03T08:57:08","slug":"dachziegel-und-dachsteindeckungen","status":"publish","type":"page","link":"https:\/\/www.stenchly-dach.de\/?page_id=27","title":{"rendered":"Dachziegel- und Dachsteindeckungen"},"content":{"rendered":"\n<p class=\"has-vivid-red-color has-text-color has-link-color has-medium-font-size wp-elements-34305a0f111e9dbe3052bb5771744623\"><strong>Tondachziegel<\/strong> &#8211; beliebt und bew\u00e4hrt seit jeher<br><br>Einer der \u00e4ltesten Baustoffe ist zugleich auch einer der aktuellsten &#8211; der Dachziegel aus gebranntem Ton.<br><br>Schon seit geraumer Zeit erlebt das Ziegeldach in der modernen Architektur eine wahre Reniassance. Nat\u00fcrlichkeit, Vielfalt und Qualit\u00e4t des keramischen Materials sind f\u00fcr Planer und Bauherren ebenso \u00fcberzeugend wie seine Best\u00e4ndigkeit. Formen und Farben sind keine Grenzen gesetzt.<\/p>\n","protected":false},"excerpt":{"rendered":"<p>Tondachziegel &#8211; beliebt und bew\u00e4hrt seit jeher Einer der \u00e4ltesten Baustoffe ist zugleich auch einer der aktuellsten &#8211; der Dachziegel aus gebranntem Ton. Schon seit geraumer Zeit erlebt das Ziegeldach in der modernen Architektur eine wahre Reniassance. Nat\u00fcrlichkeit, Vielfalt und Qualit\u00e4t des keramischen Materials sind f\u00fcr Planer und Bauherren ebenso \u00fcberzeugend wie seine Best\u00e4ndigkeit. Formen &hellip; <\/p>\n<p class=\"link-more\"><a href=\"https:\/\/www.stenchly-dach.de\/?page_id=27\" class=\"more-link\"><span class=\"screen-reader-text\">\u201eDachziegel- und Dachsteindeckungen\u201c <\/span>weiterlesen<\/a><\/p>\n","protected":false},"author":1,"featured_media":0,"parent":0,"menu_order":0,"comment_status":"closed","ping_status":"closed","template":"","meta":{"footnotes":""},"class_list":["post-27","page","type-page","status-publish","hentry"],"_links":{"self":[{"href":"https:\/\/www.stenchly-dach.de\/index.php?rest_route=\/wp\/v2\/pages\/27","targetHints":{"allow":["GET"]}}],"collection":[{"href":"https:\/\/www.stenchly-dach.de\/index.php?rest_route=\/wp\/v2\/pages"}],"about":[{"href":"https:\/\/www.stenchly-dach.de\/index.php?rest_route=\/wp\/v2\/types\/page"}],"author":[{"embeddable":true,"href":"https:\/\/www.stenchly-dach.de\/index.php?rest_route=\/wp\/v2\/users\/1"}],"replies":[{"embeddable":true,"href":"https:\/\/www.stenchly-dach.de\/index.php?rest_route=%2Fwp%2Fv2%2Fcomments&post=27"}],"version-history":[{"count":0,"href":"https:\/\/www.stenchly-dach.de\/index.php?rest_route=\/wp\/v2\/pages\/27\/revisions"}],"wp:attachment":[{"href":"https:\/\/www.stenchly-dach.de\/index.php?rest_route=%2Fwp%2Fv2%2Fmedia&parent=27"}],"curies":[{"name":"wp","href":"https:\/\/api.w.org\/{rel}","templated":true}]}}