{"id":25,"date":"2024-04-09T18:55:34","date_gmt":"2024-04-09T16:55:34","guid":{"rendered":"https:\/\/www.stenchly-dach.de\/?page_id=25"},"modified":"2025-03-03T09:55:38","modified_gmt":"2025-03-03T08:55:38","slug":"schieferdeckungen","status":"publish","type":"page","link":"https:\/\/www.stenchly-dach.de\/?page_id=25","title":{"rendered":"Schieferdeckungen"},"content":{"rendered":"\n<p class=\"has-vivid-red-color has-text-color has-link-color has-medium-font-size wp-elements-030df7e4c06a0f771221c0ed29059831\"><strong>Schiefer<\/strong> &#8211; zeitlos sch\u00f6n und wirtschaftlich<br><br>Der Dachschiefer ist ein nat\u00fcrliches Sedimentgestein von feink\u00f6rnigem Gef\u00fcge, das sich in einer Ebene leicht in d\u00fcnne Platten spalten l\u00e4sst. Seine Farbe ist meist blaugrau bis schwarzblau, seltener schwarz, r\u00f6tlich, gr\u00fcnlich oder wei\u00dflich.<br><br>Schiefer ist ein au\u00dfergew\u00f6hnlich dauerhaftes und edles Baumaterial. Entstanden durch die Urgewalten der Natur, verleiht dieser Baustoff Dach und Fassade eine besondere Eleganz und Sch\u00f6nheit.<\/p>\n\n\n<style>#jtg-70 .modula-item .jtg-social a, .lightbox-socials.jtg-social a{ fill: #ffffff; color: #ffffff }#jtg-70 .modula-item .jtg-social-expandable a, #jtg-70 .modula-item .jtg-social-expandable-icons a{ fill: #ffffff; color: #ffffff }#jtg-70 .modula-item .jtg-social svg, .lightbox-socials.jtg-social svg { height: 16px; width: 16px }#jtg-70 .modula-item .jtg-social-expandable svg { height: 16px; width: 16px }#jtg-70 .modula-item .jtg-social-expandable-icons svg { height: 16px; width: 16px }#jtg-70 .modula-item .jtg-social a:not(:last-child), .lightbox-socials.jtg-social a:not(:last-child) { margin-right: 10px }#jtg-70 .modula-item .jtg-social-expandable-icons { gap: 10px }#jtg-70 .modula-item .figc {color:#ffffff;}#jtg-70 .modula-item .modula-item-content { transform: scale(1) }#jtg-70 { width:100%;}#jtg-70 .modula-items{height:800px;}@media screen and (max-width: 992px) {#jtg-70 .modula-items{height:800px;}}@media screen and (max-width: 768px) {#jtg-70 .modula-items{height:800px;}}#jtg-70 .modula-items .figc p.description { font-size:14px; }#jtg-70 .modula-items .figc p.description { color:#ffffff;}#jtg-70.modula-gallery .modula-item > a, #jtg-70.modula-gallery .modula-item, #jtg-70.modula-gallery .modula-item-content > a:not(.modula-no-follow) { cursor:zoom-in; } #jtg-70.modula-gallery .modula-item-content .modula-no-follow { cursor: default; } @media screen and (max-width:480px){#jtg-70 .modula-item .figc .jtg-title {  font-size: 12px; }#jtg-70 .modula-items .figc p.description { color:#ffffff;font-size:10px; }}<\/style>\n<div  id=\"jtg-70\" class=\"modula modula-gallery modula-creative-gallery modula-is-lazy\" data-config=\"{&quot;height&quot;:800,&quot;tabletHeight&quot;:800,&quot;mobileHeight&quot;:800,&quot;desktopHeight&quot;:800,&quot;enableTwitter&quot;:false,&quot;enableWhatsapp&quot;:false,&quot;enableFacebook&quot;:false,&quot;enablePinterest&quot;:false,&quot;enableLinkedin&quot;:false,&quot;enableEmail&quot;:false,&quot;randomFactor&quot;:0.5,&quot;type&quot;:&quot;creative-gallery&quot;,&quot;columns&quot;:12,&quot;gutter&quot;:10,&quot;mobileGutter&quot;:10,&quot;tabletGutter&quot;:10,&quot;desktopGutter&quot;:10,&quot;enableResponsive&quot;:&quot;0&quot;,&quot;tabletColumns&quot;:2,&quot;mobileColumns&quot;:1,&quot;lazyLoad&quot;:true,&quot;lightboxOpts&quot;:{&quot;animated&quot;:true,&quot;Thumbs&quot;:{&quot;type&quot;:&quot;modern&quot;,&quot;showOnStart&quot;:false},&quot;Toolbar&quot;:{&quot;display&quot;:{&quot;right&quot;:[&quot;close&quot;]},&quot;enabled&quot;:true},&quot;Carousel&quot;:{&quot;Panzoom&quot;:{&quot;touch&quot;:false},&quot;infinite&quot;:false},&quot;keyboard&quot;:{&quot;Escape&quot;:&quot;close&quot;,&quot;Delete&quot;:&quot;close&quot;,&quot;Backspace&quot;:&quot;close&quot;,&quot;PageUp&quot;:false,&quot;PageDown&quot;:false,&quot;ArrowUp&quot;:false,&quot;ArrowDown&quot;:false,&quot;ArrowRight&quot;:false,&quot;ArrowLeft&quot;:false},&quot;touch&quot;:false,&quot;backdropClick&quot;:false,&quot;l10n&quot;:{&quot;CLOSE&quot;:&quot;Close&quot;,&quot;NEXT&quot;:&quot;Next&quot;,&quot;PREV&quot;:&quot;Previous&quot;,&quot;Error&quot;:&quot;The requested content cannot be loaded. Please try again later.&quot;,&quot;PLAY_START&quot;:&quot;Start slideshow&quot;,&quot;PLAY_STOP&quot;:&quot;Pause slideshow&quot;,&quot;FULL_SCREEN&quot;:&quot;Full screen&quot;,&quot;THUMBS&quot;:&quot;Thumbnails&quot;,&quot;DOWNLOAD&quot;:&quot;Download&quot;,&quot;SHARE&quot;:&quot;Share&quot;,&quot;ZOOM&quot;:&quot;Zoom&quot;,&quot;EMAIL&quot;:&quot;Here is the link to the image : %%image_link%% and this is the link to the gallery : %%gallery_link%%&quot;,&quot;MODAL&quot;:&quot;You can close this modal content with the ESC key&quot;,&quot;ERROR&quot;:&quot;Something Went Wrong, Please Try Again Later&quot;,&quot;IMAGE_ERROR&quot;:&quot;Image Not Found&quot;,&quot;ELEMENT_NOT_FOUND&quot;:&quot;HTML Element Not Found&quot;,&quot;AJAX_NOT_FOUND&quot;:&quot;Error Loading AJAX : Not Found&quot;,&quot;AJAX_FORBIDDEN&quot;:&quot;Error Loading AJAX : Forbidden&quot;,&quot;IFRAME_ERROR&quot;:&quot;Error Loading Page&quot;,&quot;TOGGLE_ZOOM&quot;:&quot;Toggle zoom level&quot;,&quot;TOGGLE_THUMBS&quot;:&quot;Toggle thumbnails&quot;,&quot;TOGGLE_SLIDESHOW&quot;:&quot;Toggle slideshow&quot;,&quot;TOGGLE_FULLSCREEN&quot;:&quot;Toggle full-screen mode&quot;},&quot;Images&quot;:{&quot;Panzoom&quot;:{&quot;maxScale&quot;:2}},&quot;mainClass&quot;:&quot;modula-fancybox-container modula-lightbox-jtg-70&quot;,&quot;Html&quot;:{&quot;videoAutoplay&quot;:0,&quot;videoTpl&quot;:&quot;&lt;video class=\\&quot;fancybox__html5video\\&quot; controls muted playsinline controlsList controlsList=\\&quot;nodownload\\&quot; poster=\\&quot;{{poster}}\\&quot; src=\\&quot;{{src}}\\&quot; type=\\&quot;{{format}}\\&quot; &gt;  Sorry, your browser doesn&#039;t support embedded videos, &lt;a href=\\&quot;{{src}}\\&quot;&gt; download &lt;\\\/a&gt; and watch with your favorite video player! &lt;\\\/video&gt;&quot;}},&quot;inView&quot;:false,&quot;email_subject&quot;:&quot;Check out this awesome image !!&quot;,&quot;email_message&quot;:&quot;Here is the link to the image : %%image_link%% and this is the link to the gallery : %%gallery_link%%&quot;,&quot;lightbox&quot;:&quot;fancybox&quot;}\">\n\n\t\n\t<div  class=\"modula-items\">\n\t\t<div class=\"modula-item effect-pufrobo\" >\n\t<div class=\"modula-item-overlay\"><\/div>\n\n\t<div class=\"modula-item-content\">\n\n\t\t\t\t\n\t\t\t\t\t<a data-image-id=\"57\" tabindex=\"0\" rel=\"jtg-70\" data-caption=\"\" aria-label=\"Open image in lightbox\" role=\"button\" class=\"tile-inner modula-item-link\"><\/a>\n\t\t\n\t\t<img class=\"pic wp-image-57 lazyload\"  data-valign=\"middle\" data-halign=\"center\" alt=\"\" data-full=\"https:\/\/www.stenchly-dach.de\/wp-content\/uploads\/schieferdach-3.jpg\" title=\"schieferdach-3\" width=\"300\" height=\"199\" data-src=\"https:\/\/www.stenchly-dach.de\/wp-content\/uploads\/schieferdach-3-300x199.jpg\" data-caption=\"\" data-source=\"modula\" data-srcset=\"https:\/\/www.stenchly-dach.de\/wp-content\/uploads\/schieferdach-3.jpg 1280w, https:\/\/www.stenchly-dach.de\/wp-content\/uploads\/schieferdach-3-300x199.jpg 300w, https:\/\/www.stenchly-dach.de\/wp-content\/uploads\/schieferdach-3-1024x681.jpg 1024w, https:\/\/www.stenchly-dach.de\/wp-content\/uploads\/schieferdach-3-768x511.jpg 768w\" data-sizes=\"(max-width: 300px) 100vw, 300px\" srcset=\"https:\/\/www.stenchly-dach.de\/wp-content\/uploads\/schieferdach-3-300x199.jpg 300w, https:\/\/www.stenchly-dach.de\/wp-content\/uploads\/schieferdach-3-1024x681.jpg 1024w, https:\/\/www.stenchly-dach.de\/wp-content\/uploads\/schieferdach-3-768x511.jpg 768w, https:\/\/www.stenchly-dach.de\/wp-content\/uploads\/schieferdach-3.jpg 1280w\" sizes=\"(max-width: 300px) 100vw, 300px\" \/>\n\t\t<div class=\"figc no-description\">\n\t\t\t<div class=\"figc-inner\">\n\t\t\t\t\t\t\t\t\t\t\t\t\t\t\t<\/div>\n\t\t<\/div>\n\n\t<\/div>\n\n<\/div><div class=\"modula-item effect-pufrobo\" >\n\t<div class=\"modula-item-overlay\"><\/div>\n\n\t<div class=\"modula-item-content\">\n\n\t\t\t\t\n\t\t\t\t\t<a data-image-id=\"58\" tabindex=\"0\" rel=\"jtg-70\" data-caption=\"\" aria-label=\"Open image in lightbox\" role=\"button\" class=\"tile-inner modula-item-link\"><\/a>\n\t\t\n\t\t<img class=\"pic wp-image-58 lazyload\"  data-valign=\"middle\" data-halign=\"center\" alt=\"\" data-full=\"https:\/\/www.stenchly-dach.de\/wp-content\/uploads\/schieferdach-2.jpg\" title=\"schieferdach-2\" width=\"300\" height=\"225\" data-src=\"https:\/\/www.stenchly-dach.de\/wp-content\/uploads\/schieferdach-2-300x225.jpg\" data-caption=\"\" data-source=\"modula\" data-srcset=\"https:\/\/www.stenchly-dach.de\/wp-content\/uploads\/schieferdach-2.jpg 1280w, https:\/\/www.stenchly-dach.de\/wp-content\/uploads\/schieferdach-2-300x225.jpg 300w, https:\/\/www.stenchly-dach.de\/wp-content\/uploads\/schieferdach-2-1024x768.jpg 1024w, https:\/\/www.stenchly-dach.de\/wp-content\/uploads\/schieferdach-2-768x576.jpg 768w\" data-sizes=\"(max-width: 300px) 100vw, 300px\" srcset=\"https:\/\/www.stenchly-dach.de\/wp-content\/uploads\/schieferdach-2-300x225.jpg 300w, https:\/\/www.stenchly-dach.de\/wp-content\/uploads\/schieferdach-2-1024x768.jpg 1024w, https:\/\/www.stenchly-dach.de\/wp-content\/uploads\/schieferdach-2-768x576.jpg 768w, https:\/\/www.stenchly-dach.de\/wp-content\/uploads\/schieferdach-2.jpg 1280w\" sizes=\"(max-width: 300px) 100vw, 300px\" \/>\n\t\t<div class=\"figc no-description\">\n\t\t\t<div class=\"figc-inner\">\n\t\t\t\t\t\t\t\t\t\t\t\t\t\t\t<\/div>\n\t\t<\/div>\n\n\t<\/div>\n\n<\/div><div class=\"modula-item effect-pufrobo\" >\n\t<div class=\"modula-item-overlay\"><\/div>\n\n\t<div class=\"modula-item-content\">\n\n\t\t\t\t\n\t\t\t\t\t<a data-image-id=\"59\" tabindex=\"0\" rel=\"jtg-70\" data-caption=\"\" aria-label=\"Open image in lightbox\" role=\"button\" class=\"tile-inner modula-item-link\"><\/a>\n\t\t\n\t\t<img class=\"pic wp-image-59 lazyload\"  data-valign=\"middle\" data-halign=\"center\" alt=\"\" data-full=\"https:\/\/www.stenchly-dach.de\/wp-content\/uploads\/schieferdach-1.jpg\" title=\"schieferdach-1\" width=\"300\" height=\"194\" data-src=\"https:\/\/www.stenchly-dach.de\/wp-content\/uploads\/schieferdach-1-300x194.jpg\" data-caption=\"\" data-source=\"modula\" data-srcset=\"https:\/\/www.stenchly-dach.de\/wp-content\/uploads\/schieferdach-1.jpg 1280w, https:\/\/www.stenchly-dach.de\/wp-content\/uploads\/schieferdach-1-300x194.jpg 300w, https:\/\/www.stenchly-dach.de\/wp-content\/uploads\/schieferdach-1-1024x662.jpg 1024w, https:\/\/www.stenchly-dach.de\/wp-content\/uploads\/schieferdach-1-768x496.jpg 768w\" data-sizes=\"(max-width: 300px) 100vw, 300px\" srcset=\"https:\/\/www.stenchly-dach.de\/wp-content\/uploads\/schieferdach-1-300x194.jpg 300w, https:\/\/www.stenchly-dach.de\/wp-content\/uploads\/schieferdach-1-1024x662.jpg 1024w, https:\/\/www.stenchly-dach.de\/wp-content\/uploads\/schieferdach-1-768x496.jpg 768w, https:\/\/www.stenchly-dach.de\/wp-content\/uploads\/schieferdach-1.jpg 1280w\" sizes=\"(max-width: 300px) 100vw, 300px\" \/>\n\t\t<div class=\"figc no-description\">\n\t\t\t<div class=\"figc-inner\">\n\t\t\t\t\t\t\t\t\t\t\t\t\t\t\t<\/div>\n\t\t<\/div>\n\n\t<\/div>\n\n<\/div><div class=\"modula-item effect-pufrobo\" >\n\t<div class=\"modula-item-overlay\"><\/div>\n\n\t<div class=\"modula-item-content\">\n\n\t\t\t\t\n\t\t\t\t\t<a data-image-id=\"60\" tabindex=\"0\" rel=\"jtg-70\" data-caption=\"\" aria-label=\"Open image in lightbox\" role=\"button\" class=\"tile-inner modula-item-link\"><\/a>\n\t\t\n\t\t<img class=\"pic wp-image-60 lazyload\"  data-valign=\"middle\" data-halign=\"center\" alt=\"\" data-full=\"https:\/\/www.stenchly-dach.de\/wp-content\/uploads\/schieferdach-5.jpg\" title=\"schieferdach-5\" width=\"300\" height=\"225\" data-src=\"https:\/\/www.stenchly-dach.de\/wp-content\/uploads\/schieferdach-5-300x225.jpg\" data-caption=\"\" data-source=\"modula\" data-srcset=\"https:\/\/www.stenchly-dach.de\/wp-content\/uploads\/schieferdach-5.jpg 1280w, https:\/\/www.stenchly-dach.de\/wp-content\/uploads\/schieferdach-5-300x225.jpg 300w, https:\/\/www.stenchly-dach.de\/wp-content\/uploads\/schieferdach-5-1024x768.jpg 1024w, https:\/\/www.stenchly-dach.de\/wp-content\/uploads\/schieferdach-5-768x576.jpg 768w\" data-sizes=\"(max-width: 300px) 100vw, 300px\" srcset=\"https:\/\/www.stenchly-dach.de\/wp-content\/uploads\/schieferdach-5-300x225.jpg 300w, https:\/\/www.stenchly-dach.de\/wp-content\/uploads\/schieferdach-5-1024x768.jpg 1024w, https:\/\/www.stenchly-dach.de\/wp-content\/uploads\/schieferdach-5-768x576.jpg 768w, https:\/\/www.stenchly-dach.de\/wp-content\/uploads\/schieferdach-5.jpg 1280w\" sizes=\"(max-width: 300px) 100vw, 300px\" \/>\n\t\t<div class=\"figc no-description\">\n\t\t\t<div class=\"figc-inner\">\n\t\t\t\t\t\t\t\t\t\t\t\t\t\t\t<\/div>\n\t\t<\/div>\n\n\t<\/div>\n\n<\/div><div class=\"modula-item effect-pufrobo\" >\n\t<div class=\"modula-item-overlay\"><\/div>\n\n\t<div class=\"modula-item-content\">\n\n\t\t\t\t\n\t\t\t\t\t<a data-image-id=\"61\" tabindex=\"0\" rel=\"jtg-70\" data-caption=\"\" aria-label=\"Open image in lightbox\" role=\"button\" class=\"tile-inner modula-item-link\"><\/a>\n\t\t\n\t\t<img class=\"pic wp-image-61 lazyload\"  data-valign=\"middle\" data-halign=\"center\" alt=\"\" data-full=\"https:\/\/www.stenchly-dach.de\/wp-content\/uploads\/schieferdach-4.jpg\" title=\"schieferdach-4\" width=\"300\" height=\"225\" data-src=\"https:\/\/www.stenchly-dach.de\/wp-content\/uploads\/schieferdach-4-300x225.jpg\" data-caption=\"\" data-source=\"modula\" data-srcset=\"https:\/\/www.stenchly-dach.de\/wp-content\/uploads\/schieferdach-4.jpg 1280w, https:\/\/www.stenchly-dach.de\/wp-content\/uploads\/schieferdach-4-300x225.jpg 300w, https:\/\/www.stenchly-dach.de\/wp-content\/uploads\/schieferdach-4-1024x768.jpg 1024w, https:\/\/www.stenchly-dach.de\/wp-content\/uploads\/schieferdach-4-768x576.jpg 768w\" data-sizes=\"(max-width: 300px) 100vw, 300px\" srcset=\"https:\/\/www.stenchly-dach.de\/wp-content\/uploads\/schieferdach-4-300x225.jpg 300w, https:\/\/www.stenchly-dach.de\/wp-content\/uploads\/schieferdach-4-1024x768.jpg 1024w, https:\/\/www.stenchly-dach.de\/wp-content\/uploads\/schieferdach-4-768x576.jpg 768w, https:\/\/www.stenchly-dach.de\/wp-content\/uploads\/schieferdach-4.jpg 1280w\" sizes=\"(max-width: 300px) 100vw, 300px\" \/>\n\t\t<div class=\"figc no-description\">\n\t\t\t<div class=\"figc-inner\">\n\t\t\t\t\t\t\t\t\t\t\t\t\t\t\t<\/div>\n\t\t<\/div>\n\n\t<\/div>\n\n<\/div>\t\t\n\t<\/div>\n\n\t\n\t\n\t<script type=\"application\/ld+json\">\n\t{\n\t\t\"@context\": \"http:\/\/schema.org\",\n\t\t\"@type\"   : \"ImageGallery\",\n\t\t\"id\"      : \"https:\/\/www.stenchly-dach.de\/?page_id=25\/\",\n\t\t\"url\"     : \"https:\/\/www.stenchly-dach.de\/?page_id=25\/\"\n\t}\n\n\t<\/script>\n\n\t\n<\/div>\n\n","protected":false},"excerpt":{"rendered":"<p>Schiefer &#8211; zeitlos sch\u00f6n und wirtschaftlich Der Dachschiefer ist ein nat\u00fcrliches Sedimentgestein von feink\u00f6rnigem Gef\u00fcge, das sich in einer Ebene leicht in d\u00fcnne Platten spalten l\u00e4sst. Seine Farbe ist meist blaugrau bis schwarzblau, seltener schwarz, r\u00f6tlich, gr\u00fcnlich oder wei\u00dflich. Schiefer ist ein au\u00dfergew\u00f6hnlich dauerhaftes und edles Baumaterial. Entstanden durch die Urgewalten der Natur, verleiht dieser &hellip; <\/p>\n<p class=\"link-more\"><a href=\"https:\/\/www.stenchly-dach.de\/?page_id=25\" class=\"more-link\"><span class=\"screen-reader-text\">\u201eSchieferdeckungen\u201c <\/span>weiterlesen<\/a><\/p>\n","protected":false},"author":1,"featured_media":0,"parent":0,"menu_order":0,"comment_status":"closed","ping_status":"closed","template":"","meta":{"footnotes":""},"class_list":["post-25","page","type-page","status-publish","hentry"],"_links":{"self":[{"href":"https:\/\/www.stenchly-dach.de\/index.php?rest_route=\/wp\/v2\/pages\/25","targetHints":{"allow":["GET"]}}],"collection":[{"href":"https:\/\/www.stenchly-dach.de\/index.php?rest_route=\/wp\/v2\/pages"}],"about":[{"href":"https:\/\/www.stenchly-dach.de\/index.php?rest_route=\/wp\/v2\/types\/page"}],"author":[{"embeddable":true,"href":"https:\/\/www.stenchly-dach.de\/index.php?rest_route=\/wp\/v2\/users\/1"}],"replies":[{"embeddable":true,"href":"https:\/\/www.stenchly-dach.de\/index.php?rest_route=%2Fwp%2Fv2%2Fcomments&post=25"}],"version-history":[{"count":0,"href":"https:\/\/www.stenchly-dach.de\/index.php?rest_route=\/wp\/v2\/pages\/25\/revisions"}],"wp:attachment":[{"href":"https:\/\/www.stenchly-dach.de\/index.php?rest_route=%2Fwp%2Fv2%2Fmedia&parent=25"}],"curies":[{"name":"wp","href":"https:\/\/api.w.org\/{rel}","templated":true}]}}