{"id":12,"date":"2024-04-09T18:22:16","date_gmt":"2024-04-09T16:22:16","guid":{"rendered":"https:\/\/www.stenchly-dach.de\/?page_id=12"},"modified":"2025-03-04T11:16:27","modified_gmt":"2025-03-04T10:16:27","slug":"ueber-uns","status":"publish","type":"page","link":"https:\/\/www.stenchly-dach.de\/?page_id=12","title":{"rendered":"\u00dcber uns"},"content":{"rendered":"\n<p class=\"has-vivid-red-color has-text-color has-link-color has-medium-font-size wp-elements-0bf054d69d81540b974df16a7870296a\"><strong>Herzlich Willkommen bei der Firma Stenchly-Dach!<br><\/strong><br>Die Firma Stenchly-Dach wurde im Jahre 2003 von mir, Mark Stenchly, gegr\u00fcndet. Ich bin Dachdeckermeister und legte meine Meisterpr\u00fcfung erfolgreich im Jahre 2003 vor der Handwerkskammer Ostth\u00fcringen ab.<br><br>Seit dem Jahre 2006 ist mein Unternehmen Mitglied der Dachdeckerinnung Leipziger Land.<br><br>Das Leistungsspektrum meines Unternehmens umfasst Dachdecker-, Dachklempner- sowie Zimmererarbeiten aller Art. Hierf\u00fcr steht Ihnen ein Team von zwei Dachdeckermeistern, zwei Dachdecker-Gesellen sowie einem Zimmerer-Gesellen zur Seite. Auf den folgenden Seiten k\u00f6nnen Sie sich \u00fcber unsere Leistungen informieren und Kontakt zu uns aufnehmen.<\/p>\n","protected":false},"excerpt":{"rendered":"<p>Herzlich Willkommen bei der Firma Stenchly-Dach!Die Firma Stenchly-Dach wurde im Jahre 2003 von mir, Mark Stenchly, gegr\u00fcndet. Ich bin Dachdeckermeister und legte meine Meisterpr\u00fcfung erfolgreich im Jahre 2003 vor der Handwerkskammer Ostth\u00fcringen ab. Seit dem Jahre 2006 ist mein Unternehmen Mitglied der Dachdeckerinnung Leipziger Land. Das Leistungsspektrum meines Unternehmens umfasst Dachdecker-, Dachklempner- sowie Zimmererarbeiten aller &hellip; <\/p>\n<p class=\"link-more\"><a href=\"https:\/\/www.stenchly-dach.de\/?page_id=12\" class=\"more-link\"><span class=\"screen-reader-text\">\u201e\u00dcber uns\u201c <\/span>weiterlesen<\/a><\/p>\n","protected":false},"author":1,"featured_media":151,"parent":0,"menu_order":0,"comment_status":"closed","ping_status":"closed","template":"","meta":{"footnotes":""},"class_list":["post-12","page","type-page","status-publish","has-post-thumbnail","hentry"],"_links":{"self":[{"href":"https:\/\/www.stenchly-dach.de\/index.php?rest_route=\/wp\/v2\/pages\/12","targetHints":{"allow":["GET"]}}],"collection":[{"href":"https:\/\/www.stenchly-dach.de\/index.php?rest_route=\/wp\/v2\/pages"}],"about":[{"href":"https:\/\/www.stenchly-dach.de\/index.php?rest_route=\/wp\/v2\/types\/page"}],"author":[{"embeddable":true,"href":"https:\/\/www.stenchly-dach.de\/index.php?rest_route=\/wp\/v2\/users\/1"}],"replies":[{"embeddable":true,"href":"https:\/\/www.stenchly-dach.de\/index.php?rest_route=%2Fwp%2Fv2%2Fcomments&post=12"}],"version-history":[{"count":0,"href":"https:\/\/www.stenchly-dach.de\/index.php?rest_route=\/wp\/v2\/pages\/12\/revisions"}],"wp:featuredmedia":[{"embeddable":true,"href":"https:\/\/www.stenchly-dach.de\/index.php?rest_route=\/wp\/v2\/media\/151"}],"wp:attachment":[{"href":"https:\/\/www.stenchly-dach.de\/index.php?rest_route=%2Fwp%2Fv2%2Fmedia&parent=12"}],"curies":[{"name":"wp","href":"https:\/\/api.w.org\/{rel}","templated":true}]}}